{"id":37,"date":"2016-07-21T06:04:14","date_gmt":"2016-07-21T06:04:14","guid":{"rendered":"http:\/\/inkthemes.com\/wptheme\/yacht-charter-wordpress-theme\/?page_id=37"},"modified":"2025-10-08T15:36:53","modified_gmt":"2025-10-08T12:36:53","slug":"tekne-kiralama","status":"publish","type":"page","link":"https:\/\/www.tekneturukekova.com\/en\/tekne-kiralama\/","title":{"rendered":"HOURLY AND HALF-DAY BOAT RENTAL"},"content":{"rendered":"<p><strong>&nbsp;Half-Day and Hourly Private Kekova Boat Tour<\/strong><\/p>\n\n\n\n<p class=\"translation-block\">For those looking to experience an unforgettable sea experience in a short time, our private half-day and hourly Kekova boat tours are the perfect choice! On these specially designed tours, you can explore Kekova\u2019s deep blue bays on your own route. You can take swimming breaks at the region\u2019s most beautiful spots, such as <strong>Akvaryum Bay<\/strong>, <strong>Tersane Bay<\/strong>, <strong>Simena (Kalek\u00f6y)<\/strong> and <strong>Sunken City<\/strong>, enjoying the crystal clear sea and nature. Whether you\u2019re watching the sunrise in the cool of the morning or enjoying the sea in the afternoon \u2013 this tour is planned at times completely tailored to your needs, and your time is yours. Our private Kekova boat tour service is the ideal option for couples, families or small groups. If you\u2019re looking for a quick escape from the crowds, a half-day Kekova boat rental is just the thing for you!<\/p>","protected":false},"excerpt":{"rendered":"<p>&nbsp;Yar\u0131m G\u00fcnl\u00fck ve Saatlik \u00d6zel Kekova Tekne Turu K\u0131sa zamanda unutulmaz bir deniz keyfi ya\u015famak isteyenler i\u00e7in\u00a0yar\u0131m g\u00fcnl\u00fck ve saatlik \u00f6zel Kekova tekne turlar\u0131\u00a0m\u00fckemmel bir tercihtir! Sadece size \u00f6zel haz\u0131rlanan bu turlarda, Kekova\u2019n\u0131n masmavi koylar\u0131n\u0131 kendi rotan\u0131zla ke\u015ffedebilirsiniz.\u00a0Akvaryum Koyu,\u00a0Tersane Koyu,\u00a0Simena (Kalek\u00f6y)\u00a0ve\u00a0Bat\u0131k \u015eehir\u00a0gibi b\u00f6lgenin en g\u00fczel &hellip; <\/p>","protected":false},"author":1,"featured_media":11,"parent":0,"menu_order":0,"comment_status":"closed","ping_status":"closed","template":"","meta":{"_monsterinsights_skip_tracking":false,"_monsterinsights_sitenote_active":false,"_monsterinsights_sitenote_note":"","_monsterinsights_sitenote_category":0,"footnotes":""},"class_list":["post-37","page","type-page","status-publish","has-post-thumbnail","hentry"],"aioseo_notices":[],"_links":{"self":[{"href":"https:\/\/www.tekneturukekova.com\/en\/wp-json\/wp\/v2\/pages\/37","targetHints":{"allow":["GET"]}}],"collection":[{"href":"https:\/\/www.tekneturukekova.com\/en\/wp-json\/wp\/v2\/pages"}],"about":[{"href":"https:\/\/www.tekneturukekova.com\/en\/wp-json\/wp\/v2\/types\/page"}],"author":[{"embeddable":true,"href":"https:\/\/www.tekneturukekova.com\/en\/wp-json\/wp\/v2\/users\/1"}],"replies":[{"embeddable":true,"href":"https:\/\/www.tekneturukekova.com\/en\/wp-json\/wp\/v2\/comments?post=37"}],"version-history":[{"count":0,"href":"https:\/\/www.tekneturukekova.com\/en\/wp-json\/wp\/v2\/pages\/37\/revisions"}],"wp:featuredmedia":[{"embeddable":true,"href":"https:\/\/www.tekneturukekova.com\/en\/wp-json\/"}],"wp:attachment":[{"href":"https:\/\/www.tekneturukekova.com\/en\/wp-json\/wp\/v2\/media?parent=37"}],"curies":[{"name":"wp","href":"https:\/\/api.w.org\/{rel}","templated":true}]}}