{"id":32,"date":"2016-07-21T08:56:11","date_gmt":"2016-07-21T05:56:11","guid":{"rendered":"http:\/\/inkthemes.com\/wptheme\/yacht-charter-wordpress-theme\/?page_id=32"},"modified":"2025-10-08T15:21:36","modified_gmt":"2025-10-08T12:21:36","slug":"teknemiz","status":"publish","type":"page","link":"https:\/\/www.tekneturukekova.com\/en\/teknemiz\/","title":{"rendered":"Our Boat"},"content":{"rendered":"<p><strong>Karde\u015fim-m<\/strong><br>Our boat is 14 meters long and 4.80 meters wide, with a capacity of 25 people. It also has a sunbathing area and a home-style toilet.<\/p>\n\n\n\n<figure class=\"wp-block-gallery has-nested-images columns-default is-cropped wp-block-gallery-1 is-layout-flex wp-block-gallery-is-layout-flex\">\n<figure class=\"wp-block-image size-large\"><img decoding=\"async\" width=\"576\" height=\"1024\" data-id=\"328\" src=\"https:\/\/www.tekneturukekova.com\/wp-content\/uploads\/2025\/10\/image2-1-576x1024.jpeg\" alt=\"\" class=\"wp-image-328\" srcset=\"https:\/\/www.tekneturukekova.com\/wp-content\/uploads\/2025\/10\/image2-1-576x1024.jpeg 576w, https:\/\/www.tekneturukekova.com\/wp-content\/uploads\/2025\/10\/image2-1-169x300.jpeg 169w, https:\/\/www.tekneturukekova.com\/wp-content\/uploads\/2025\/10\/image2-1-768x1365.jpeg 768w, https:\/\/www.tekneturukekova.com\/wp-content\/uploads\/2025\/10\/image2-1-864x1536.jpeg 864w, https:\/\/www.tekneturukekova.com\/wp-content\/uploads\/2025\/10\/image2-1-1152x2048.jpeg 1152w, https:\/\/www.tekneturukekova.com\/wp-content\/uploads\/2025\/10\/image2-1-34x60.jpeg 34w, https:\/\/www.tekneturukekova.com\/wp-content\/uploads\/2025\/10\/image2-1.jpeg 1266w\" sizes=\"(max-width: 576px) 100vw, 576px\" \/><figcaption class=\"wp-element-caption\">Kekova boat tour<\/figcaption><\/figure>\n\n\n\n<figure class=\"wp-block-image size-large\"><img decoding=\"async\" width=\"1024\" height=\"576\" data-id=\"329\" src=\"https:\/\/www.tekneturukekova.com\/wp-content\/uploads\/2025\/10\/image3-1-1024x576.jpeg\" alt=\"\" class=\"wp-image-329\" srcset=\"https:\/\/www.tekneturukekova.com\/wp-content\/uploads\/2025\/10\/image3-1-1024x576.jpeg 1024w, https:\/\/www.tekneturukekova.com\/wp-content\/uploads\/2025\/10\/image3-1-300x170.jpeg 300w, https:\/\/www.tekneturukekova.com\/wp-content\/uploads\/2025\/10\/image3-1-768x432.jpeg 768w, https:\/\/www.tekneturukekova.com\/wp-content\/uploads\/2025\/10\/image3-1-1536x864.jpeg 1536w, https:\/\/www.tekneturukekova.com\/wp-content\/uploads\/2025\/10\/image3-1-2048x1152.jpeg 2048w, https:\/\/www.tekneturukekova.com\/wp-content\/uploads\/2025\/10\/image3-1-107x60.jpeg 107w\" sizes=\"(max-width: 1024px) 100vw, 1024px\" \/><figcaption class=\"wp-element-caption\">Kekova boat tour<\/figcaption><\/figure>\n\n\n\n<figure class=\"wp-block-image size-large\"><img decoding=\"async\" width=\"576\" height=\"1024\" data-id=\"330\" src=\"https:\/\/www.tekneturukekova.com\/wp-content\/uploads\/2025\/10\/image5-1-576x1024.jpeg\" alt=\"\" class=\"wp-image-330\" srcset=\"https:\/\/www.tekneturukekova.com\/wp-content\/uploads\/2025\/10\/image5-1-576x1024.jpeg 576w, https:\/\/www.tekneturukekova.com\/wp-content\/uploads\/2025\/10\/image5-1-169x300.jpeg 169w, https:\/\/www.tekneturukekova.com\/wp-content\/uploads\/2025\/10\/image5-1-768x1365.jpeg 768w, https:\/\/www.tekneturukekova.com\/wp-content\/uploads\/2025\/10\/image5-1-864x1536.jpeg 864w, https:\/\/www.tekneturukekova.com\/wp-content\/uploads\/2025\/10\/image5-1-34x60.jpeg 34w, https:\/\/www.tekneturukekova.com\/wp-content\/uploads\/2025\/10\/image5-1.jpeg 900w\" sizes=\"(max-width: 576px) 100vw, 576px\" \/><figcaption class=\"wp-element-caption\">Kekova Boat Tour<\/figcaption><\/figure>\n\n\n\n<figure class=\"wp-block-image size-full\"><img decoding=\"async\" width=\"640\" height=\"360\" data-id=\"331\" src=\"https:\/\/www.tekneturukekova.com\/wp-content\/uploads\/2025\/10\/image7.jpeg\" alt=\"\" class=\"wp-image-331\" srcset=\"https:\/\/www.tekneturukekova.com\/wp-content\/uploads\/2025\/10\/image7.jpeg 640w, https:\/\/www.tekneturukekova.com\/wp-content\/uploads\/2025\/10\/image7-300x170.jpeg 300w, https:\/\/www.tekneturukekova.com\/wp-content\/uploads\/2025\/10\/image7-107x60.jpeg 107w\" sizes=\"(max-width: 640px) 100vw, 640px\" \/><figcaption class=\"wp-element-caption\">Kekova Boat Tour<\/figcaption><\/figure>\n\n\n\n<figure class=\"wp-block-image size-large\"><img decoding=\"async\" width=\"768\" height=\"1024\" data-id=\"332\" src=\"https:\/\/www.tekneturukekova.com\/wp-content\/uploads\/2025\/10\/image8-768x1024.jpeg\" alt=\"\" class=\"wp-image-332\" srcset=\"https:\/\/www.tekneturukekova.com\/wp-content\/uploads\/2025\/10\/image8-768x1024.jpeg 768w, https:\/\/www.tekneturukekova.com\/wp-content\/uploads\/2025\/10\/image8-225x300.jpeg 225w, https:\/\/www.tekneturukekova.com\/wp-content\/uploads\/2025\/10\/image8-1152x1536.jpeg 1152w, https:\/\/www.tekneturukekova.com\/wp-content\/uploads\/2025\/10\/image8-1536x2048.jpeg 1536w, https:\/\/www.tekneturukekova.com\/wp-content\/uploads\/2025\/10\/image8-45x60.jpeg 45w, https:\/\/www.tekneturukekova.com\/wp-content\/uploads\/2025\/10\/image8-scaled.jpeg 1920w\" sizes=\"(max-width: 768px) 100vw, 768px\" \/><figcaption class=\"wp-element-caption\">Kekova Boat Tour<\/figcaption><\/figure>\n\n\n\n<figure class=\"wp-block-image size-full\"><img decoding=\"async\" width=\"480\" height=\"640\" data-id=\"333\" src=\"https:\/\/www.tekneturukekova.com\/wp-content\/uploads\/2025\/10\/image3-rotated.jpeg\" alt=\"\" class=\"wp-image-333\" srcset=\"https:\/\/www.tekneturukekova.com\/wp-content\/uploads\/2025\/10\/image3-rotated.jpeg 480w, https:\/\/www.tekneturukekova.com\/wp-content\/uploads\/2025\/10\/image3-225x300.jpeg 225w, https:\/\/www.tekneturukekova.com\/wp-content\/uploads\/2025\/10\/image3-45x60.jpeg 45w\" sizes=\"(max-width: 480px) 100vw, 480px\" \/><figcaption class=\"wp-element-caption\">Kekova Boat Tour<\/figcaption><\/figure>\n<\/figure>\n\n\n\n<p><strong>Mustafa Emre<\/strong><br>Our boat is 10 meters long and 3.80 meters wide, and can accommodate 5 people. It also has a sunbathing area, a home-style toilet, and a shower.<\/p>\n\n\n\n<figure class=\"wp-block-gallery has-nested-images columns-default is-cropped wp-block-gallery-2 is-layout-flex wp-block-gallery-is-layout-flex\">\n<figure class=\"wp-block-image size-large\"><img decoding=\"async\" width=\"1024\" height=\"768\" data-id=\"175\" src=\"https:\/\/www.tekneturukekova.com\/wp-content\/uploads\/2020\/07\/IMG_0264-1024x768.jpg\" alt=\"\" class=\"wp-image-175\" srcset=\"https:\/\/www.tekneturukekova.com\/wp-content\/uploads\/2020\/07\/IMG_0264-1024x768.jpg 1024w, https:\/\/www.tekneturukekova.com\/wp-content\/uploads\/2020\/07\/IMG_0264-300x225.jpg 300w, https:\/\/www.tekneturukekova.com\/wp-content\/uploads\/2020\/07\/IMG_0264-768x576.jpg 768w, https:\/\/www.tekneturukekova.com\/wp-content\/uploads\/2020\/07\/IMG_0264-1536x1152.jpg 1536w, https:\/\/www.tekneturukekova.com\/wp-content\/uploads\/2020\/07\/IMG_0264-2048x1536.jpg 2048w, https:\/\/www.tekneturukekova.com\/wp-content\/uploads\/2020\/07\/IMG_0264-263x197.jpg 263w\" sizes=\"(max-width: 1024px) 100vw, 1024px\" \/><figcaption class=\"wp-element-caption\">Kekova Boat Tour<\/figcaption><\/figure>\n\n\n\n<figure class=\"wp-block-image size-large\"><img decoding=\"async\" width=\"1024\" height=\"768\" data-id=\"176\" src=\"https:\/\/www.tekneturukekova.com\/wp-content\/uploads\/2020\/07\/eb94e6ef-3b4b-4f3d-b78e-961346bb2dfd-1024x768.jpg\" alt=\"\" class=\"wp-image-176\" srcset=\"https:\/\/www.tekneturukekova.com\/wp-content\/uploads\/2020\/07\/eb94e6ef-3b4b-4f3d-b78e-961346bb2dfd-1024x768.jpg 1024w, https:\/\/www.tekneturukekova.com\/wp-content\/uploads\/2020\/07\/eb94e6ef-3b4b-4f3d-b78e-961346bb2dfd-300x225.jpg 300w, https:\/\/www.tekneturukekova.com\/wp-content\/uploads\/2020\/07\/eb94e6ef-3b4b-4f3d-b78e-961346bb2dfd-768x576.jpg 768w, https:\/\/www.tekneturukekova.com\/wp-content\/uploads\/2020\/07\/eb94e6ef-3b4b-4f3d-b78e-961346bb2dfd-1536x1152.jpg 1536w, https:\/\/www.tekneturukekova.com\/wp-content\/uploads\/2020\/07\/eb94e6ef-3b4b-4f3d-b78e-961346bb2dfd-263x197.jpg 263w, https:\/\/www.tekneturukekova.com\/wp-content\/uploads\/2020\/07\/eb94e6ef-3b4b-4f3d-b78e-961346bb2dfd.jpg 1600w\" sizes=\"(max-width: 1024px) 100vw, 1024px\" \/><figcaption class=\"wp-element-caption\">Kekova Boat Tour<\/figcaption><\/figure>\n<\/figure>\n\n\n\n<p><strong>K\u00fc\u00e7\u00fck Mustafa Gulet<\/strong><br>Our boat is 20 meters long and 4.80 meters wide, and can accommodate 10 people. It has 5 cabins, each with a toilet and shower. It offers weekly tours in the Kekova region.<\/p>\n\n\n\n<figure class=\"wp-block-gallery has-nested-images columns-default is-cropped wp-block-gallery-3 is-layout-flex wp-block-gallery-is-layout-flex\">\n<figure class=\"wp-block-image size-large\"><img decoding=\"async\" width=\"1024\" height=\"768\" data-id=\"334\" src=\"https:\/\/www.tekneturukekova.com\/wp-content\/uploads\/2025\/10\/d8b466f4-43c1-49ae-84c0-a61d04cf327b-1024x768.jpg\" alt=\"\" class=\"wp-image-334\" srcset=\"https:\/\/www.tekneturukekova.com\/wp-content\/uploads\/2025\/10\/d8b466f4-43c1-49ae-84c0-a61d04cf327b-1024x768.jpg 1024w, https:\/\/www.tekneturukekova.com\/wp-content\/uploads\/2025\/10\/d8b466f4-43c1-49ae-84c0-a61d04cf327b-300x225.jpg 300w, https:\/\/www.tekneturukekova.com\/wp-content\/uploads\/2025\/10\/d8b466f4-43c1-49ae-84c0-a61d04cf327b-768x576.jpg 768w, https:\/\/www.tekneturukekova.com\/wp-content\/uploads\/2025\/10\/d8b466f4-43c1-49ae-84c0-a61d04cf327b-1536x1152.jpg 1536w, https:\/\/www.tekneturukekova.com\/wp-content\/uploads\/2025\/10\/d8b466f4-43c1-49ae-84c0-a61d04cf327b-80x60.jpg 80w, https:\/\/www.tekneturukekova.com\/wp-content\/uploads\/2025\/10\/d8b466f4-43c1-49ae-84c0-a61d04cf327b.jpg 2048w\" sizes=\"(max-width: 1024px) 100vw, 1024px\" \/><figcaption class=\"wp-element-caption\">Kekova Boat Tour<\/figcaption><\/figure>\n\n\n\n<figure class=\"wp-block-image size-large\"><img decoding=\"async\" width=\"1024\" height=\"768\" data-id=\"335\" src=\"https:\/\/www.tekneturukekova.com\/wp-content\/uploads\/2025\/10\/a567601b-94cb-4204-b7e9-c75430f61647-1024x768.jpg\" alt=\"\" class=\"wp-image-335\" srcset=\"https:\/\/www.tekneturukekova.com\/wp-content\/uploads\/2025\/10\/a567601b-94cb-4204-b7e9-c75430f61647-1024x768.jpg 1024w, https:\/\/www.tekneturukekova.com\/wp-content\/uploads\/2025\/10\/a567601b-94cb-4204-b7e9-c75430f61647-300x225.jpg 300w, https:\/\/www.tekneturukekova.com\/wp-content\/uploads\/2025\/10\/a567601b-94cb-4204-b7e9-c75430f61647-768x576.jpg 768w, https:\/\/www.tekneturukekova.com\/wp-content\/uploads\/2025\/10\/a567601b-94cb-4204-b7e9-c75430f61647-1536x1152.jpg 1536w, https:\/\/www.tekneturukekova.com\/wp-content\/uploads\/2025\/10\/a567601b-94cb-4204-b7e9-c75430f61647-80x60.jpg 80w, https:\/\/www.tekneturukekova.com\/wp-content\/uploads\/2025\/10\/a567601b-94cb-4204-b7e9-c75430f61647.jpg 2048w\" sizes=\"(max-width: 1024px) 100vw, 1024px\" \/><figcaption class=\"wp-element-caption\">Kekova Boat Tour<\/figcaption><\/figure>\n\n\n\n<figure class=\"wp-block-image size-full\"><img decoding=\"async\" width=\"1024\" height=\"768\" data-id=\"336\" src=\"https:\/\/www.tekneturukekova.com\/wp-content\/uploads\/2025\/10\/22da1e3e-8145-4f64-a657-e60f7a53c35a.jpg\" alt=\"\" class=\"wp-image-336\" srcset=\"https:\/\/www.tekneturukekova.com\/wp-content\/uploads\/2025\/10\/22da1e3e-8145-4f64-a657-e60f7a53c35a.jpg 1024w, https:\/\/www.tekneturukekova.com\/wp-content\/uploads\/2025\/10\/22da1e3e-8145-4f64-a657-e60f7a53c35a-300x225.jpg 300w, https:\/\/www.tekneturukekova.com\/wp-content\/uploads\/2025\/10\/22da1e3e-8145-4f64-a657-e60f7a53c35a-768x576.jpg 768w, https:\/\/www.tekneturukekova.com\/wp-content\/uploads\/2025\/10\/22da1e3e-8145-4f64-a657-e60f7a53c35a-80x60.jpg 80w\" sizes=\"(max-width: 1024px) 100vw, 1024px\" \/><figcaption class=\"wp-element-caption\">Kekova Boat Tour<\/figcaption><\/figure>\n\n\n\n<figure class=\"wp-block-image size-large\"><img decoding=\"async\" width=\"768\" height=\"1024\" data-id=\"337\" src=\"https:\/\/www.tekneturukekova.com\/wp-content\/uploads\/2025\/10\/fe316380-4d93-42fa-a6c9-5105aeceff2c-768x1024.jpg\" alt=\"\" class=\"wp-image-337\" srcset=\"https:\/\/www.tekneturukekova.com\/wp-content\/uploads\/2025\/10\/fe316380-4d93-42fa-a6c9-5105aeceff2c-768x1024.jpg 768w, https:\/\/www.tekneturukekova.com\/wp-content\/uploads\/2025\/10\/fe316380-4d93-42fa-a6c9-5105aeceff2c-225x300.jpg 225w, https:\/\/www.tekneturukekova.com\/wp-content\/uploads\/2025\/10\/fe316380-4d93-42fa-a6c9-5105aeceff2c-1152x1536.jpg 1152w, https:\/\/www.tekneturukekova.com\/wp-content\/uploads\/2025\/10\/fe316380-4d93-42fa-a6c9-5105aeceff2c-45x60.jpg 45w, https:\/\/www.tekneturukekova.com\/wp-content\/uploads\/2025\/10\/fe316380-4d93-42fa-a6c9-5105aeceff2c.jpg 1536w\" sizes=\"(max-width: 768px) 100vw, 768px\" \/><figcaption class=\"wp-element-caption\">Kekova Boat Tour<\/figcaption><\/figure>\n<\/figure>","protected":false},"excerpt":{"rendered":"<p>Karde\u015fim-mTeknemiz 14M Uzunlu\u011fu \/ 4.80M Eninde 25 ki\u015filiktir. G\u00fcne\u015flenme alan\u0131, ev tipi tuvalet mevcuttur. Mustafa EmreTeknemiz 10M Uzunlu\u011fu \/ 3.80M Eninde 5 ki\u015filiktir. G\u00fcne\u015flenme alan\u0131, ev tipi tuvalet,du\u015f mevcuttur. K\u00fc\u00e7\u00fck Mustafa GuletTeknemiz 20M Uzunlu\u011fu \/ 4.80M Eninde 10 ki\u015filiktir. 5 Kamaral\u0131 her kamaras\u0131nda tuvalet ve &hellip; <\/p>","protected":false},"author":1,"featured_media":0,"parent":0,"menu_order":0,"comment_status":"closed","ping_status":"closed","template":"","meta":{"_monsterinsights_skip_tracking":false,"_monsterinsights_sitenote_active":false,"_monsterinsights_sitenote_note":"","_monsterinsights_sitenote_category":0,"footnotes":""},"class_list":["post-32","page","type-page","status-publish","hentry"],"aioseo_notices":[],"_links":{"self":[{"href":"https:\/\/www.tekneturukekova.com\/en\/wp-json\/wp\/v2\/pages\/32","targetHints":{"allow":["GET"]}}],"collection":[{"href":"https:\/\/www.tekneturukekova.com\/en\/wp-json\/wp\/v2\/pages"}],"about":[{"href":"https:\/\/www.tekneturukekova.com\/en\/wp-json\/wp\/v2\/types\/page"}],"author":[{"embeddable":true,"href":"https:\/\/www.tekneturukekova.com\/en\/wp-json\/wp\/v2\/users\/1"}],"replies":[{"embeddable":true,"href":"https:\/\/www.tekneturukekova.com\/en\/wp-json\/wp\/v2\/comments?post=32"}],"version-history":[{"count":0,"href":"https:\/\/www.tekneturukekova.com\/en\/wp-json\/wp\/v2\/pages\/32\/revisions"}],"wp:attachment":[{"href":"https:\/\/www.tekneturukekova.com\/en\/wp-json\/wp\/v2\/media?parent=32"}],"curies":[{"name":"wp","href":"https:\/\/api.w.org\/{rel}","templated":true}]}}