{"id":29,"date":"2016-07-21T05:54:45","date_gmt":"2016-07-21T05:54:45","guid":{"rendered":"http:\/\/inkthemes.com\/wptheme\/yacht-charter-wordpress-theme\/?page_id=29"},"modified":"2025-10-08T15:34:09","modified_gmt":"2025-10-08T12:34:09","slug":"tekne-turlari","status":"publish","type":"page","link":"https:\/\/www.tekneturukekova.com\/en\/tekne-turlari\/","title":{"rendered":"PRIVATE FULL DAY BOAT TOUR"},"content":{"rendered":"<p><img decoding=\"async\" class=\"an1\" draggable=\"false\" src=\"https:\/\/fonts.gstatic.com\/s\/e\/notoemoji\/16.0\/1f6e5_fe0f\/32.png\" alt=\"\ud83d\udee5\ufe0f\" data-emoji=\"\ud83d\udee5\ufe0f\" aria-label=\"\ud83d\udee5\ufe0f\" \/>\u00a0Private Kekova Boat Tour \u2013 The Most Beautiful Blue<\/p>\n<p>The most enjoyable way to discover Kekova's enchanting bays is on a private boat tour! A private Kekova boat tour offers a customized route and a comfortable sailing experience. Throughout the day, you can visit Kekova's most popular destinations, including Aquarium Bay, the Sunken City, Simena (Kalek\u00f6y), Tersane Bay, and Bur\u00e7 Bay. Whether you're planning a relaxing family trip or a romantic sunset cruise, a program is tailored just for you. While taking breaks for a swim in the crystal-clear waters, you can savor fresh treats served on our boat. Spend a peaceful day away from the crowds and experience the hidden paradise of the Mediterranean on your own itinerary with our Kekova boat rental options.<\/p>\n<div class=\"yj6qo\"><\/div>\n<div class=\"adL\"><\/div>","protected":false},"excerpt":{"rendered":"<p>\u00a0\u00d6zel Kekova Tekne Turu \u2013 Mavinin En G\u00fczel Hali Kekova\u2019n\u0131n b\u00fcy\u00fcleyici koylar\u0131n\u0131 ke\u015ffetmenin en keyifli yolu \u00f6zel tekne turudur! \u00d6zel Kekova tekne turu, size \u00f6zel bir rota ve konforlu bir deniz deneyimi sunar. G\u00fcn boyu Akvaryum Koyu, Bat\u0131k \u015eehir, Simena (Kalek\u00f6y), Tersane Koyu ve Bur\u00e7 &hellip; <\/p>","protected":false},"author":1,"featured_media":11,"parent":0,"menu_order":0,"comment_status":"closed","ping_status":"closed","template":"","meta":{"_monsterinsights_skip_tracking":false,"_monsterinsights_sitenote_active":false,"_monsterinsights_sitenote_note":"","_monsterinsights_sitenote_category":0,"footnotes":""},"class_list":["post-29","page","type-page","status-publish","has-post-thumbnail","hentry"],"aioseo_notices":[],"_links":{"self":[{"href":"https:\/\/www.tekneturukekova.com\/en\/wp-json\/wp\/v2\/pages\/29","targetHints":{"allow":["GET"]}}],"collection":[{"href":"https:\/\/www.tekneturukekova.com\/en\/wp-json\/wp\/v2\/pages"}],"about":[{"href":"https:\/\/www.tekneturukekova.com\/en\/wp-json\/wp\/v2\/types\/page"}],"author":[{"embeddable":true,"href":"https:\/\/www.tekneturukekova.com\/en\/wp-json\/wp\/v2\/users\/1"}],"replies":[{"embeddable":true,"href":"https:\/\/www.tekneturukekova.com\/en\/wp-json\/wp\/v2\/comments?post=29"}],"version-history":[{"count":0,"href":"https:\/\/www.tekneturukekova.com\/en\/wp-json\/wp\/v2\/pages\/29\/revisions"}],"wp:featuredmedia":[{"embeddable":true,"href":"https:\/\/www.tekneturukekova.com\/en\/wp-json\/"}],"wp:attachment":[{"href":"https:\/\/www.tekneturukekova.com\/en\/wp-json\/wp\/v2\/media?parent=29"}],"curies":[{"name":"wp","href":"https:\/\/api.w.org\/{rel}","templated":true}]}}