{"id":27,"date":"2016-07-21T05:50:35","date_gmt":"2016-07-21T05:50:35","guid":{"rendered":"http:\/\/inkthemes.com\/wptheme\/yacht-charter-wordpress-theme\/?page_id=27"},"modified":"2020-07-30T15:23:43","modified_gmt":"2020-07-30T12:23:43","slug":"iletisim","status":"publish","type":"page","link":"https:\/\/www.tekneturukekova.com\/en\/iletisim\/","title":{"rendered":"Communication"},"content":{"rendered":"<p><strong>Mustafa Boz <\/strong><\/p>\n\n\n\n<p>+90 537 850 87 87<\/p>\n\n\n\n<p>\u00dc\u00e7a\u011f\u0131z mahallesi \u00fc\u00e7a\u011f\u0131z sokak 87\/A Demre\/Antalya<\/p>\n\n\n\n<p>info@tekneturukekova.com<\/p>","protected":false},"excerpt":{"rendered":"<p>Mustafa Boz +90 537 850 87 87 \u00dc\u00e7a\u011f\u0131z mahallesi \u00fc\u00e7a\u011f\u0131z sokak 87\/A Demre\/Antalya info@tekneturukekova.com<\/p>","protected":false},"author":1,"featured_media":8,"parent":0,"menu_order":0,"comment_status":"closed","ping_status":"closed","template":"template_contact.php","meta":{"_monsterinsights_skip_tracking":false,"_monsterinsights_sitenote_active":false,"_monsterinsights_sitenote_note":"","_monsterinsights_sitenote_category":0,"footnotes":""},"class_list":["post-27","page","type-page","status-publish","has-post-thumbnail","hentry"],"aioseo_notices":[],"_links":{"self":[{"href":"https:\/\/www.tekneturukekova.com\/en\/wp-json\/wp\/v2\/pages\/27","targetHints":{"allow":["GET"]}}],"collection":[{"href":"https:\/\/www.tekneturukekova.com\/en\/wp-json\/wp\/v2\/pages"}],"about":[{"href":"https:\/\/www.tekneturukekova.com\/en\/wp-json\/wp\/v2\/types\/page"}],"author":[{"embeddable":true,"href":"https:\/\/www.tekneturukekova.com\/en\/wp-json\/wp\/v2\/users\/1"}],"replies":[{"embeddable":true,"href":"https:\/\/www.tekneturukekova.com\/en\/wp-json\/wp\/v2\/comments?post=27"}],"version-history":[{"count":0,"href":"https:\/\/www.tekneturukekova.com\/en\/wp-json\/wp\/v2\/pages\/27\/revisions"}],"wp:featuredmedia":[{"embeddable":true,"href":"https:\/\/www.tekneturukekova.com\/en\/wp-json\/"}],"wp:attachment":[{"href":"https:\/\/www.tekneturukekova.com\/en\/wp-json\/wp\/v2\/media?parent=27"}],"curies":[{"name":"wp","href":"https:\/\/api.w.org\/{rel}","templated":true}]}}