{"id":24,"date":"2016-07-21T08:47:03","date_gmt":"2016-07-21T05:47:03","guid":{"rendered":"http:\/\/inkthemes.com\/wptheme\/yacht-charter-wordpress-theme\/?page_id=24"},"modified":"2024-04-08T22:45:08","modified_gmt":"2024-04-08T19:45:08","slug":"hakkimizda","status":"publish","type":"page","link":"https:\/\/www.tekneturukekova.com\/en\/hakkimizda\/","title":{"rendered":"Hakk\u0131m\u0131zda"},"content":{"rendered":"<p style=\"text-align: justify\">K\u00fc\u00e7\u00fck bir aile i\u015fletmesi olarak 1997 y\u0131l\u0131nda, k\u00fc\u00e7\u00fck bir tekneyle ba\u015flad\u0131k. Kekova b\u00f6lgesinde hizmet veren 2 tane teknemiz bulunmaktad\u0131r.<br \/>\nG\u00fclery\u00fczl\u00fc, cana yak\u0131n, temiz aile teknemiz ile sizleri misafir etmekten mutluluk duyar\u0131z.<\/p>","protected":false},"excerpt":{"rendered":"<p>K\u00fc\u00e7\u00fck bir aile i\u015fletmesi olarak 1997 y\u0131l\u0131nda, k\u00fc\u00e7\u00fck bir tekneyle ba\u015flad\u0131k. Kekova b\u00f6lgesinde hizmet veren 2 tane teknemiz bulunmaktad\u0131r. G\u00fclery\u00fczl\u00fc, cana yak\u0131n, temiz aile teknemiz ile sizleri misafir etmekten mutluluk duyar\u0131z.<\/p>","protected":false},"author":1,"featured_media":0,"parent":0,"menu_order":0,"comment_status":"closed","ping_status":"closed","template":"","meta":{"_monsterinsights_skip_tracking":false,"_monsterinsights_sitenote_active":false,"_monsterinsights_sitenote_note":"","_monsterinsights_sitenote_category":0,"footnotes":""},"class_list":["post-24","page","type-page","status-publish","hentry"],"aioseo_notices":[],"_links":{"self":[{"href":"https:\/\/www.tekneturukekova.com\/en\/wp-json\/wp\/v2\/pages\/24","targetHints":{"allow":["GET"]}}],"collection":[{"href":"https:\/\/www.tekneturukekova.com\/en\/wp-json\/wp\/v2\/pages"}],"about":[{"href":"https:\/\/www.tekneturukekova.com\/en\/wp-json\/wp\/v2\/types\/page"}],"author":[{"embeddable":true,"href":"https:\/\/www.tekneturukekova.com\/en\/wp-json\/wp\/v2\/users\/1"}],"replies":[{"embeddable":true,"href":"https:\/\/www.tekneturukekova.com\/en\/wp-json\/wp\/v2\/comments?post=24"}],"version-history":[{"count":0,"href":"https:\/\/www.tekneturukekova.com\/en\/wp-json\/wp\/v2\/pages\/24\/revisions"}],"wp:attachment":[{"href":"https:\/\/www.tekneturukekova.com\/en\/wp-json\/wp\/v2\/media?parent=24"}],"curies":[{"name":"wp","href":"https:\/\/api.w.org\/{rel}","templated":true}]}}